{"id":16,"date":"2025-03-20T05:06:04","date_gmt":"2025-03-20T05:06:04","guid":{"rendered":"https:\/\/registrodelapropiedad-lamana.gob.ec\/?page_id=16"},"modified":"2025-04-10T02:23:11","modified_gmt":"2025-04-10T02:23:11","slug":"pagina-de-inicio","status":"publish","type":"page","link":"https:\/\/registrodelapropiedad-lamana.gob.ec\/","title":{"rendered":"P\u00e1gina de Inicio"},"content":{"rendered":"<div class=\"boldgrid-section\" data-image-url=\"https:\/\/registrodelapropiedad-lamana.gob.ec\/wp-content\/uploads\/2025\/04\/PORTADA-RPMCL-2025-Portada-A.png\" style=\"color: rgb(255, 255, 255); background-position: 50% 20%; background-size: cover; background-repeat: repeat; background-image: url(&quot;https:\/\/registrodelapropiedad-lamana.gob.ec\/wp-content\/uploads\/2025\/04\/PORTADA-RPMCL-2025-Portada-A.png&quot;);\" data-bg-color=\"\">\n<div class=\"container\">\n<div class=\"row\" style=\"padding-top: 70px; padding-bottom: 140px; background-position: 50% 50%; background-size: cover; background-repeat: repeat;\" data-bg-color=\"\" data-image-url=\"\">\n<div class=\"col-md-7 col-sm-12 col-xs-12 col-lg-7\">\n<h3 class=\"h1\" style=\"margin-top: 0px; color: #ffffff; font-weight: 400;\" data-font-weight=\"400\">REGISTRO DE LA PROPIEDAD<\/h3>\n<h3 class=\"h1\" style=\"margin-top: 0px; color: #ffffff; font-weight: 400;\" data-font-weight=\"400\">Y MERCANTIL CANT\u00d3N LA MAN\u00c1<\/h3>\n<p class=\"\" style=\"padding-top: 2em;\"><a class=\"button-primary btn btn-color-1 btn-border-color-1 btn btn-color-1 btn-border-color-1\" href=\"https:\/\/registrodelapropiedad-lamana.gob.ec\/index.php\/resena-historica\/\">RESE\u00d1A HISTORICA<\/a><\/p>\n<\/div>\n<div class=\"col-md-5 col-sm-12 col-xs-12 col-lg-5\"><\/div>\n<\/div>\n<\/div>\n<\/div>\n<div class=\"boldgrid-section\">\n<div class=\"container\">\n<div class=\"row row-spacing-lg\">\n<div class=\"col-md-6 col-sm-7 col-xs-12 col-lg-6\">\n<h2 class=\"\" style=\"margin-top: 0;\">RPMCL<\/h2>\n<div class=\"row bg-editor-hr-wrap\">\n<div class=\"col-md-12 col-xs-12 col-sm-12 col-lg-12\">\n<div>\n<hr class=\"bg-hr color1-color bg-hr-15\" style=\"width: 50px; margin: 0px 80px 40px 0px; border-radius: 100px;\">\n<\/div>\n<\/div>\n<\/div>\n<p class=\"\" style=\"margin-bottom: 2em;\"><span class=\"relative -mx-px my-[-0.2rem] rounded px-px py-[0.2rem]\">El Registro de la Propiedad y Mercantil del cant\u00f3n La Man\u00e1 es una dependencia adscrita al Gobierno Aut\u00f3nomo Descentralizado Municipal de La Man\u00e1, encargada de registrar documentalmente las propiedades de los predios en los sectores urbano y rural, as\u00ed como de inscribir actos y contratos mercantiles.<\/span><\/p>\n<p class=\"\" style=\"margin-bottom: 2em;\"><a class=\"button-primary btn btn-color-1 btn-border-color-1 btn btn-color-1 btn-border-color-1\" href=\"https:\/\/registrodelapropiedad-lamana.gob.ec\/index.php\/mision-y-vision\/\">MISI\u00d3N Y VISI\u00d3N<\/a><\/p>\n<\/div>\n<div class=\"col-md-1 col-sm-1 col-xs-12 col-lg-1\"><\/div>\n<div class=\"col-md-5 col-sm-4 col-xs-12 align-column-center col-lg-5\">\n<p class=\"text-center\"><img loading=\"lazy\" decoding=\"async\" class=\"bg-img bg-img-3 alignnone wp-image-46 size-medium\" src=\"https:\/\/registrodelapropiedad-lamana.gob.ec\/wp-content\/uploads\/2025\/03\/RPMCLM-DOC-FIRMA-300x300.png\" alt=\"\" width=\"300\" height=\"300\" srcset=\"https:\/\/registrodelapropiedad-lamana.gob.ec\/wp-content\/uploads\/2025\/03\/RPMCLM-DOC-FIRMA-300x300.png 300w, https:\/\/registrodelapropiedad-lamana.gob.ec\/wp-content\/uploads\/2025\/03\/RPMCLM-DOC-FIRMA-1024x1024.png 1024w, https:\/\/registrodelapropiedad-lamana.gob.ec\/wp-content\/uploads\/2025\/03\/RPMCLM-DOC-FIRMA-150x150.png 150w, https:\/\/registrodelapropiedad-lamana.gob.ec\/wp-content\/uploads\/2025\/03\/RPMCLM-DOC-FIRMA-768x768.png 768w, https:\/\/registrodelapropiedad-lamana.gob.ec\/wp-content\/uploads\/2025\/03\/RPMCLM-DOC-FIRMA.png 1080w\" sizes=\"auto, (max-width: 300px) 100vw, 300px\" \/><\/p>\n<\/div>\n<\/div>\n<\/div>\n<\/div>\n<div class=\"boldgrid-section has-bg-overlay\" data-image-url=\"https:\/\/registrodelapropiedad-lamana.gob.ec\/wp-content\/uploads\/2025\/03\/RPMCLM-PORTADA.png\" style=\"color: #ffffff; background-position: 50% 50%; background-size: cover; background-repeat: repeat; background-image: linear-gradient(90deg, rgba(0, 0, 0, 0.5) 0%, rgba(0, 0, 0, 0.5) 100%), url('https:\/\/registrodelapropiedad-lamana.gob.ec\/wp-content\/uploads\/2025\/03\/RPMCLM-PORTADA.png');\" data-bg-color=\"rgba(0,0,0,0.5)\">\n<div class=\"container\">\n<div class=\"row row-spacing-lg-top\">\n<div class=\"col-md-12 col-sm-12 col-xs-12 col-lg-12\">\n<h2 class=\"\" style=\"color: #fff; margin-top: 0;\">Servicios principales<\/h2>\n<div class=\"row bg-editor-hr-wrap\">\n<div class=\"col-md-12 col-xs-12 col-sm-12 col-lg-12\">\n<div>\n<hr class=\"bg-hr color1-color bg-hr-15\" style=\"width: 50px; margin: 0px 80px 40px 0px; border-radius: 100px;\">\n<\/div>\n<\/div>\n<\/div>\n<\/div>\n<\/div>\n<div class=\"row row-spacing-lg-bottom\">\n<div class=\"col-md-12 col-sm-12 col-xs-12 col-lg-12\">\n<div class=\"row\">\n<div class=\"col-md-4 col-sm-12 col-xs-12 col-lg-4\">\n<div class=\"bg-box text-center color2-background-alpha color-2-text-contrast\" style=\"padding: 1.5em; margin: 1em 0;\">\n<h4 class=\"color-2-text-contrast\">Inscripci\u00f3n de actos y contratos de bienes inmuebles<\/h4>\n<\/div>\n<\/div>\n<div class=\"col-md-4 col-sm-12 col-xs-12 col-lg-4\">\n<div class=\"bg-box text-center color2-background-alpha color-2-text-contrast\" style=\"padding: 1.5em; margin: 1em 0;\">\n<h4 class=\"color-2-text-contrast\">Inscripci\u00f3n de contratos mercantiles<\/h4>\n<\/div>\n<\/div>\n<div class=\"col-md-4 col-sm-12 col-xs-12 col-lg-4\">\n<div class=\"bg-box text-center color2-background-alpha color-2-text-contrast\" style=\"padding: 1.5em; margin: 1em 0;\">\n<h4 class=\"color-2-text-contrast\">Emisi\u00f3n de certificados y razones de inscripci\u00f3n<\/h4>\n<\/div>\n<\/div>\n<\/div>\n<\/div>\n<\/div>\n<\/div>\n<\/div>\n<div class=\"boldgrid-section\">\n<div class=\"container\">\n<div class=\"row row-spacing-lg-top\">\n<div class=\"col-md-12 col-sm-12 col-xs-12 col-lg-12\">\n<h2 class=\"\" style=\"margin-top: 0;\">Compromiso de Servicios Registrales al Cliente<\/h2>\n<div class=\"row bg-editor-hr-wrap\">\n<div class=\"col-md-12 col-xs-12 col-sm-12 col-lg-12\">\n<div>\n<hr class=\"bg-hr color1-color bg-hr-15\" style=\"width: 50px; margin: 0px 80px 40px 0px; border-radius: 100px;\">\n<\/div>\n<\/div>\n<\/div>\n<\/div>\n<\/div>\n<div class=\"row row-spacing-lg-bottom\">\n<div class=\"col-md-5 col-sm-4 col-xs-12 col-lg-5\">\n<p class=\"mod-reset\"><img loading=\"lazy\" decoding=\"async\" class=\"aligncenter wp-image-63 size-full\" src=\"https:\/\/registrodelapropiedad-lamana.gob.ec\/wp-content\/uploads\/2025\/03\/ROMCLM-SERVICIOS-REGISTRALES1.png\" alt=\"\" width=\"1414\" height=\"2000\" srcset=\"https:\/\/registrodelapropiedad-lamana.gob.ec\/wp-content\/uploads\/2025\/03\/ROMCLM-SERVICIOS-REGISTRALES1.png 1414w, https:\/\/registrodelapropiedad-lamana.gob.ec\/wp-content\/uploads\/2025\/03\/ROMCLM-SERVICIOS-REGISTRALES1-212x300.png 212w, https:\/\/registrodelapropiedad-lamana.gob.ec\/wp-content\/uploads\/2025\/03\/ROMCLM-SERVICIOS-REGISTRALES1-724x1024.png 724w, https:\/\/registrodelapropiedad-lamana.gob.ec\/wp-content\/uploads\/2025\/03\/ROMCLM-SERVICIOS-REGISTRALES1-768x1086.png 768w, https:\/\/registrodelapropiedad-lamana.gob.ec\/wp-content\/uploads\/2025\/03\/ROMCLM-SERVICIOS-REGISTRALES1-1086x1536.png 1086w\" sizes=\"auto, (max-width: 1414px) 100vw, 1414px\" \/><\/p>\n<\/div>\n<div class=\"col-md-1 col-sm-1 col-xs-12 col-lg-1\"><\/div>\n<div class=\"col-md-6 col-sm-7 col-xs-12 col-lg-6\">\n<p class=\"\" style=\"margin-bottom: 2em;\">En nuestro compromiso con la excelencia y la transparencia, los servicios registrales que ofrecemos est\u00e1n orientados a garantizar la seguridad jur\u00eddica, eficiencia y accesibilidad en la gesti\u00f3n de documentos y registros. Nos dedicamos a brindar un servicio confiable, cumpliendo con la normativa vigente y asegurando la integridad, confidencialidad y disponibilidad de la informaci\u00f3n.<\/p>\n<p class=\"\" style=\"margin-bottom: 2em;\"><strong data-start=\"586\" data-end=\"612\">Atenci\u00f3n personalizada<\/strong>: Brindamos asesor\u00eda y acompa\u00f1amiento en cada etapa del proceso registral.<\/p>\n<p class=\"\" style=\"margin-bottom: 2em;\"><strong data-start=\"692\" data-end=\"717\">Agilidad y eficiencia<\/strong>: Optimizamos los tiempos de gesti\u00f3n para proporcionar un servicio r\u00e1pido y eficaz.<\/p>\n<p class=\"\"><strong data-start=\"806\" data-end=\"823\">Transparencia<\/strong>: Mantenemos un flujo de informaci\u00f3n claro y accesible para nuestros clientes.<\/p>\n<p class=\"\"><strong data-start=\"907\" data-end=\"938\">Seguridad de la informaci\u00f3n<\/strong>: Implementamos medidas de resguardo y control para proteger los datos registrados.<\/p>\n<p class=\"\"><strong data-start=\"1027\" data-end=\"1053\">Cumplimiento normativo<\/strong>: Nos adherimos estrictamente a las regulaciones y requisitos legales aplicables.<\/p>\n<p class=\"\"><strong data-start=\"1140\" data-end=\"1159\">Mejora continua<\/strong>: Buscamos la innovaci\u00f3n y actualizaci\u00f3n constante en nuestros procesos para garantizar un servicio de calidad.<\/p>\n<p>&nbsp;<\/p>\n<\/div>\n<\/div>\n<\/div>\n<\/div>\n","protected":false},"excerpt":{"rendered":"<p>REGISTRO DE LA PROPIEDAD Y MERCANTIL CANT\u00d3N LA MAN\u00c1 RESE\u00d1A HISTORICA RPMCL El Registro de la Propiedad y Mercantil del cant\u00f3n La Man\u00e1 es una dependencia adscrita al Gobierno Aut\u00f3nomo<\/p>\n<div class=\"read-more\"><a class=\"btn button-secondary\" href=\"https:\/\/registrodelapropiedad-lamana.gob.ec\/\">Leer m\u00e1s<\/a><\/div>\n","protected":false},"author":1,"featured_media":0,"parent":0,"menu_order":0,"comment_status":"closed","ping_status":"closed","template":"","meta":{"footnotes":""},"class_list":["post-16","page","type-page","status-publish"],"_links":{"self":[{"href":"https:\/\/registrodelapropiedad-lamana.gob.ec\/index.php\/wp-json\/wp\/v2\/pages\/16","targetHints":{"allow":["GET"]}}],"collection":[{"href":"https:\/\/registrodelapropiedad-lamana.gob.ec\/index.php\/wp-json\/wp\/v2\/pages"}],"about":[{"href":"https:\/\/registrodelapropiedad-lamana.gob.ec\/index.php\/wp-json\/wp\/v2\/types\/page"}],"author":[{"embeddable":true,"href":"https:\/\/registrodelapropiedad-lamana.gob.ec\/index.php\/wp-json\/wp\/v2\/users\/1"}],"replies":[{"embeddable":true,"href":"https:\/\/registrodelapropiedad-lamana.gob.ec\/index.php\/wp-json\/wp\/v2\/comments?post=16"}],"version-history":[{"count":21,"href":"https:\/\/registrodelapropiedad-lamana.gob.ec\/index.php\/wp-json\/wp\/v2\/pages\/16\/revisions"}],"predecessor-version":[{"id":137,"href":"https:\/\/registrodelapropiedad-lamana.gob.ec\/index.php\/wp-json\/wp\/v2\/pages\/16\/revisions\/137"}],"wp:attachment":[{"href":"https:\/\/registrodelapropiedad-lamana.gob.ec\/index.php\/wp-json\/wp\/v2\/media?parent=16"}],"curies":[{"name":"wp","href":"https:\/\/api.w.org\/{rel}","templated":true}]}}